{"id":21,"date":"2019-08-12T08:39:32","date_gmt":"2019-08-12T08:39:32","guid":{"rendered":"http:\/\/promedicumpanzio.hu\/?page_id=21"},"modified":"2019-11-26T11:04:17","modified_gmt":"2019-11-26T11:04:17","slug":"contact-us","status":"publish","type":"page","link":"https:\/\/promedicumpanzio.hu\/en\/contact-us\/","title":{"rendered":"Contact us"},"content":{"rendered":"\n<p><i class=\"fa-2x fa fa-map-marker\"><\/i> 8200 Veszpr\u00e9m, N\u00e1rcisz utca 2.<\/p>\n\n\n\n<p><i class=\"fa-2x fa fa-phone-square\"><\/i><strong> (8.00 \u201316.00)<\/strong> +36 88 444 644<\/p>\n\n\n\n<p><i class=\"fa-2x fa fa-phone\"><\/i> +36 70 379 7068<\/p>\n\n\n\n<p><i class=\"fa-2x fa fa-envelope\"><\/i> <a href=\"mailto:panzio@promedicum.hu\">panzio@promedicum.hu<\/a><\/p>\n\n\n\n<p><strong>GPS<\/strong><br>N 47\u00b0 5\u2032 17,74\u2033<br>E 17\u00b0 54\u2032 22,7\u2033<\/p>\n\n\n\n<h4 class=\"has-text-align-center wp-block-heading\">Shop Hours at our reception<\/h4>\n\n\n\n<p class=\"has-text-align-center\">On workdays between 7:00 am to 7:00 pm. <br>On weekdays between 8:00 am to10:00 am then between\u00a0 2:00 pm to 7:00 pm.<\/p>\n\n\n\n<p style=\"background-color:#26b87e;color:#ffffff\" class=\"has-text-color has-background has-text-align-center\"><strong>We are available\u00a0 0-24 hours through this emergency call number: +36703797068<\/strong><\/p>\n\n\n\n<hr class=\"wp-block-separator is-style-wide\"\/>\n\n\n\n<div data-map-provider=\"mapbox\" data-api-key=\"pk.eyJ1IjoiaWtlZ2luZ2VyIiwiYSI6ImNqemNxejRnMDAwZjgzbm84em95YTRiNG8ifQ.r36BpV4rcU89eaHwnhc11w\" class=\"wp-block-jetpack-map\" data-map-style=\"default\" data-map-details=\"true\" data-points=\"[{&quot;placeTitle&quot;:&quot;ProMedicum Panzi\u00f3&quot;,&quot;title&quot;:&quot;ProMedicum Panzi\u00f3&quot;,&quot;caption&quot;:&quot;ProMedicum Panzi\u00f3, 8200 Veszpr\u00e9m, N\u00e1rcisz utca 2, Veszpr\u00e9m, Veszpr\u00e9m 8200, Hungary&quot;,&quot;id&quot;:&quot;poi.1924145427429&quot;,&quot;coordinates&quot;:{&quot;longitude&quot;:17.906192,&quot;latitude&quot;:47.088464}}]\" data-zoom=\"15\" data-map-center=\"{&quot;longitude&quot;:-122.41941550000001,&quot;latitude&quot;:37.7749295}\" data-marker-color=\"#313131\"><ul><li><a href=\"https:\/\/www.google.com\/maps\/search\/?api=1&query=47.088464,17.906192\">ProMedicum Panzi\u00f3<\/a><\/li><\/ul><\/div>\n","protected":false},"excerpt":{"rendered":"<p>8200 Veszpr\u00e9m, N\u00e1rcisz utca 2. (8.00 \u201316.00) +36 88 444 644 +36 70 379 7068 panzio@promedicum.hu GPSN 47\u00b0 5\u2032 17,74\u2033E 17\u00b0 54\u2032 22,7\u2033 Shop Hours at our reception On workdays between 7:00 am to 7:00 pm. On weekdays between 8:00 am to10:00 am then between\u00a0 2:00 pm to 7:00 pm. We are available\u00a0 0-24 hours through this emergency call number: +36703797068<\/p>\n<a class=\"more-link\" href=\" https:\/\/promedicumpanzio.hu\/en\/contact-us\/ \">Read More<\/a>","protected":false},"author":1,"featured_media":0,"parent":0,"menu_order":0,"comment_status":"closed","ping_status":"closed","template":"","meta":{"footnotes":""},"class_list":["post-21","page","type-page","status-publish","hentry"],"jetpack_sharing_enabled":true,"_links":{"self":[{"href":"https:\/\/promedicumpanzio.hu\/en\/wp-json\/wp\/v2\/pages\/21","targetHints":{"allow":["GET"]}}],"collection":[{"href":"https:\/\/promedicumpanzio.hu\/en\/wp-json\/wp\/v2\/pages"}],"about":[{"href":"https:\/\/promedicumpanzio.hu\/en\/wp-json\/wp\/v2\/types\/page"}],"author":[{"embeddable":true,"href":"https:\/\/promedicumpanzio.hu\/en\/wp-json\/wp\/v2\/users\/1"}],"replies":[{"embeddable":true,"href":"https:\/\/promedicumpanzio.hu\/en\/wp-json\/wp\/v2\/comments?post=21"}],"version-history":[{"count":4,"href":"https:\/\/promedicumpanzio.hu\/en\/wp-json\/wp\/v2\/pages\/21\/revisions"}],"predecessor-version":[{"id":476,"href":"https:\/\/promedicumpanzio.hu\/en\/wp-json\/wp\/v2\/pages\/21\/revisions\/476"}],"wp:attachment":[{"href":"https:\/\/promedicumpanzio.hu\/en\/wp-json\/wp\/v2\/media?parent=21"}],"curies":[{"name":"wp","href":"https:\/\/api.w.org\/{rel}","templated":true}]}}